{"id":60,"date":"2025-11-05T05:44:24","date_gmt":"2025-11-05T05:44:24","guid":{"rendered":"https:\/\/cstanatari.md\/?page_id=60"},"modified":"2025-11-28T02:08:08","modified_gmt":"2025-11-28T02:08:08","slug":"contacte","status":"publish","type":"page","link":"https:\/\/cstanatari.md\/?page_id=60","title":{"rendered":"Contacte"},"content":{"rendered":"\n<h1 class=\"wp-block-heading\">Contacte<\/h1>\n\n\n\n<figure class=\"wp-block-table\"><table class=\"has-fixed-layout\"><tbody><tr><td><strong><em>Func\u021bia<\/em><\/strong><\/td><td><em><strong>Telefon de contact<\/strong><\/em><\/td><\/tr><tr><td>\u0218ef IMSP, medic de familie Zdorove\u021bki Andrean<\/td><td>060570852<\/td><\/tr><tr><td>OMF T\u0103n\u0103tari<\/td><td>067677724<\/td><\/tr><tr><td>OS T\u0103n\u0103tari-Noi<\/td><td>067153662<\/td><\/tr><tr><td>OMF Ursoia<\/td><td>067677729<\/td><\/tr><tr><td>OMF Chirc\u0103ie\u0219ti<\/td><td>069920668<\/td><\/tr><tr><td>OMF Hagimus<\/td><td>067677730<\/td><\/tr><tr><td>Asistent medical de familie superior, Luca Zinaida<\/td><td>069405083<\/td><\/tr><tr><td><\/td><td><\/td><\/tr><tr><td>Contabil, Iuhimenco Olga<\/td><td>060507010<\/td><\/tr><\/tbody><\/table><\/figure>\n","protected":false},"excerpt":{"rendered":"<p>Contacte Func\u021bia Telefon de contact \u0218ef IMSP, medic de familie Zdorove\u021bki Andrean 060570852 OMF T\u0103n\u0103tari 067677724 OS T\u0103n\u0103tari-Noi 067153662 OMF Ursoia 067677729 OMF Chirc\u0103ie\u0219ti 069920668 OMF Hagimus 067677730 Asistent medical de familie superior, Luca Zinaida 069405083 Contabil, Iuhimenco Olga 060507010<\/p>\n","protected":false},"author":1,"featured_media":0,"parent":0,"menu_order":0,"comment_status":"closed","ping_status":"closed","template":"","meta":{"footnotes":""},"class_list":["post-60","page","type-page","status-publish","hentry"],"_links":{"self":[{"href":"https:\/\/cstanatari.md\/index.php?rest_route=\/wp\/v2\/pages\/60","targetHints":{"allow":["GET"]}}],"collection":[{"href":"https:\/\/cstanatari.md\/index.php?rest_route=\/wp\/v2\/pages"}],"about":[{"href":"https:\/\/cstanatari.md\/index.php?rest_route=\/wp\/v2\/types\/page"}],"author":[{"embeddable":true,"href":"https:\/\/cstanatari.md\/index.php?rest_route=\/wp\/v2\/users\/1"}],"replies":[{"embeddable":true,"href":"https:\/\/cstanatari.md\/index.php?rest_route=%2Fwp%2Fv2%2Fcomments&post=60"}],"version-history":[{"count":3,"href":"https:\/\/cstanatari.md\/index.php?rest_route=\/wp\/v2\/pages\/60\/revisions"}],"predecessor-version":[{"id":120,"href":"https:\/\/cstanatari.md\/index.php?rest_route=\/wp\/v2\/pages\/60\/revisions\/120"}],"wp:attachment":[{"href":"https:\/\/cstanatari.md\/index.php?rest_route=%2Fwp%2Fv2%2Fmedia&parent=60"}],"curies":[{"name":"wp","href":"https:\/\/api.w.org\/{rel}","templated":true}]}}