{"id":43,"date":"2025-11-05T05:22:52","date_gmt":"2025-11-05T05:22:52","guid":{"rendered":"https:\/\/cstanatari.md\/?page_id=43"},"modified":"2025-11-28T00:56:13","modified_gmt":"2025-11-28T00:56:13","slug":"prezentare-generala","status":"publish","type":"page","link":"https:\/\/cstanatari.md\/?page_id=43","title":{"rendered":"Prezentare general\u0103"},"content":{"rendered":"\n<p><strong>INSTITU\u021aIA MEDICO-SANITAR\u0102 PUBLIC\u0102<br>CENTRUL DE S\u0102N\u0102TATE T\u0102N\u0102TARI<\/strong><\/p>\n\n\n\n<p>IMSP CS T\u0103n\u0103tari, cu sediul \u00een satul T\u0103n\u0103tari, raionul C\u0103u\u0219enii, deserve\u0219te popula\u021bia satelor T\u0103n\u0103tari, T\u0103n\u0103tari-noi, Ursoia, &nbsp;Hagimus, Chircai\u0219ti, \u00eensum\u00e2nd un num\u0103r total de 10319 persoane \u00eenscrise pe lista medicilor de familie.<\/p>\n\n\n\n<p>Activitatea institu\u021biei, \u00een perioada de referin\u021b\u0103, a avut ca obiective principale:<br>\u2013 organizarea accesibilit\u0103\u021bii popula\u021biei la servicii de asisten\u021b\u0103 medical\u0103 de calitate;<br>\u2013 crearea condi\u021biilor favorabile pentru desf\u0103\u0219urarea activit\u0103\u021bii personalului medical;<br>\u2013 gestionarea eficient\u0103 a resurselor umane \u0219i financiare.<\/p>\n\n\n\n<p>Institu\u021bia dispune de Regulament de organizare \u0219i func\u021bionare, coordonat cu Consiliul Raional C\u0103u\u0219eni (decizia nr. 1\/32 din 23 februarie 20219), aprobat prin Ordinul MSMPS nr. 605 din 15.05.2018 \u0219i \u00eenregistrat la Agen\u021bia Servicii Publice \u2013 Departamentul \u00cenregistrare \u0219i Licen\u021biere a unit\u0103\u021bilor de drept. Structura organizatoric\u0103 a institu\u021biei este prezentat\u0103 \u00een organigram\u0103, care reflect\u0103 ierarhia \u0219i subdiviziunile func\u021bionale ale centrului.<\/p>\n\n\n\n<p>Institu\u021bia este dotat\u0103 cu aparataj medical modern \u0219i echipamente informatice conectate la re\u021beaua de internet (administra\u021bie, medici de familie, registratur\u0103, sala de triaj, asistenta medical\u0103 principal\u0103), precum \u0219i cu alte echipamente necesare \u2013 tonometru ocular electronic, videoproiector, ma\u0219in\u0103 de sp\u0103lat automat\u0103 etc.<\/p>\n\n\n\n<p><strong>Direc\u021biile prioritare de activitate a institu\u021biei<\/strong><br>Perspectivele de activitate a IMSP CS T\u0103n\u0103tari vor fi axate pe men\u021binerea \u0219i \u00eembunat\u0103\u021bire continu\u0103 a st\u0103rii de s\u0103n\u0103tate a popula\u021biei prin asigurarea la servicii medicale de calitate \u0219i cost eficiente, prin sus\u021binerea \u0219i promovarea interven\u021biilor de preven\u021bie, protec\u021bie \u0219i promovarea s\u0103n\u0103t\u0103\u021bii.<\/p>\n\n\n\n<p><strong>Obiective<\/strong><br>IMSP CS T\u0103n\u0103tari are urm\u0103toarele obiective majore:<br>l) sporirea accesibilit\u0103\u021bii la asisten\u021ba medical\u0103 primar\u0103 ;<br>2) \u00eembun\u0103t\u0103\u021birea calit\u0103\u021bii serviciilor medicale prin majorarea nivelului profesional \u0219i tehnologic, orientat spre asigurarea securit\u0103\u021bii pacientului cu respectarea drepturilor lor;<br>3) ameliorarea indicatorilor de s\u0103n\u0103tate prin realizarea m\u0103surilor de profilaxie, de tratament al maladiilor, activit\u0103\u021bilor de supraveghere \u0219i reabilitare a pacien\u021bilor \u00een conformitate cu nomiele \u0219i standartele stabilite \u00een condi\u021bii de ambulator si la domiciliu , mobilizarea comunit\u0103\u021bii in respectarea modului s\u0103n\u0103tos de via\u021b\u0103;<br>4) asigurarea continuit\u0103\u021bii \u0219i succesivit\u0103\u021bii procesului curativ-diagnostic cu institu\u021biile medico-sanitare publice a sistemulul de s\u0103n\u0103tate raional.<br>5) dezvoltarea economic\u0103 \u2013 prin amenajarea si dotarea cu utilaj modern necesar a IMSP CS T\u0103n\u0103tari .<br>6) crearea unei retele unice de comunicatii in scopul schimbului de informatii utile intre IMSP CS T\u0103n\u0103tari \u0219i celelalte IMSP autonome \u00een vederea impliment\u0103rii utilizarii celor mai bune practici \u0219i experien\u021be de lucru , bazate pe medicina bazat\u0103 pe dovezi.<br>7) revizuirea protocoalelor clinice na\u021bionale \u0219i implimentarea lor obligatorie la nivel institu\u021bional local pentru to\u021bi medicii de familie din IMSP CS T\u0103n\u0103tari.<br>8) managementul resurse lor, ce presupune integrarea fluxurilor de resurse energetice, materiale, financiare si umane intr-un ciclu natural;<br>9) accesibilitatea, oportunitatea, calitatea presta\u021biilor serviciilor medico-sanitare.<br>10) utilizarea instantanee a realiz\u0103rilor inova\u021biilor \u0219tiin\u021bei, tehnicii \u0219i practicii medicale moderne \u00een activitatea institu\u021biei pentru simplificarea lucrului angaja\u021bilor \u0219i monitorizarea dinamic\u0103 a st\u0103rii popula\u021biei din sectoarele deservite.<br>11) asigurarea ap\u0103r\u0103rii drepturilor personalului medical \u0219i eficientizarea controlului asupra exercit\u0103rii obliga\u021biunilor lor profesionale.Ac\u021biuni de impleirientare a obieclivelor<\/p>\n\n\n\n<p><strong>Pentru realizarea scopului \u0219i obiectivelor men\u021bionate IMSP CS T\u0103n\u0103tari are urm\u0103toarele atribu\u021bii:<\/strong><br>l) planificarea serviciilor medicale primare \u00een conformitate cu priorit\u0103\u021bile \u0219i necesit\u0103\u021bile popula\u021biei localit\u0103\u021bilor deservite;<br>2) prestarea serviciilor medicale primare \u00een cadrul asigur\u0103rli obligatorii de asisten\u021b\u0103 medical\u0103 \u00een conformitate cu contractele \u00eencheiate cu Compania Na\u021bional\u0103 de Asigur\u0103ri \u00een Medicin\u0103 \u0219i cu actele normative \u00een vigoare;<br>3) realizarea m\u0103surilor de profilaxie, de tratament al maladiilor \u0219i a m\u0103surilor de supraveghere \u0219i reabilitare a pacien\u021bilor \u00een condi\u021bii de ambulator si la domiciliu, \u00een conformitate cu normele stabilite \u00een vigoare;<br>4) asigurarea echit\u0103\u021bii \u0219i liberei alegeri a medicului de familie;<br>5) promovarea parteneriatului public \u2013 privat \u00een special \u00een domeniul \u00eengrijirilor comunitare \u0219i la domiciliu;<br>6) organizarea m\u0103surilor de mobilizare a comunit\u0103\u021bii \u00een sus\u021binerea modului s\u0103n\u0103tos de via\u021b\u0103 \u0219i diminuarea ac\u021biunii factorilor de risc;<br>7) prestarea de servicii medicale contra plat\u0103, \u00een baza actelor normative \u00een vigoare;<br>8) procurarea echipamentului, medicamentelor \u0219i consumabilelor necesare pentru prestarea serviciilor medicale, precum \u0219i a altor bunuri necesare pentru activitatea sa, cu respectarea procedurilor legale de achizi\u021bii;<br>9) organizarea asisten\u021bei medicale cu utilizarea utilajului, echipamentului, medicamentelor \u0219i consumabilor medicale popula\u021biei, \u00een conformitate cu actele normative \u00een vigoare;<br>10) darea \u00een loca\u021biune a bunurilor \u0219i \u00eenc\u0103perilor, trecerea la cheltuieli a mijloacelor fixe \u0219i v\u00eenzarea mijloacelor fixe neutilizate \u00een activitatea IMSP CS T\u0103n\u0103tari, cu acordul Fondatorului;<br>11) implementarea tehnologiilor moderne orientate spre asigurarea securit\u0103\u021bii pacientului \u00een timpul prest\u0103rilor serviciilor medicale \u0219i ridicarea nivelului calit\u0103\u021bii serviciilor medicale (utilizarea standardelor, ghidurilor de tratament \u0219i protocoalelor clinice aprobate etc);<br>12) colectarea datelor, crearea \u0219i asigurarea gestion\u0103rii eficiente a bazelor de date privind serviciile medicale prestate \u0219i prezentarea \u00een modul \u0219i termenul stabilit a rapoartelor \u0219i informa\u021biilor despre activitatea Centrului de S\u0103n\u0103tate;<br>13) monitorizarea indicatorilor principali de s\u0103n\u0103tate;<br>14) organizarea \u0219i participarea la conferin\u021be tematice \u00een domeniile de activitate;<br>15) efectuarea altor activit\u0103\u021bi permise de legisla\u021bia \u00een vigoare.<\/p>\n","protected":false},"excerpt":{"rendered":"<p>INSTITU\u021aIA MEDICO-SANITAR\u0102 PUBLIC\u0102CENTRUL DE S\u0102N\u0102TATE T\u0102N\u0102TARI IMSP CS T\u0103n\u0103tari, cu sediul \u00een satul T\u0103n\u0103tari, raionul C\u0103u\u0219enii, deserve\u0219te popula\u021bia satelor T\u0103n\u0103tari, T\u0103n\u0103tari-noi, Ursoia, &nbsp;Hagimus, Chircai\u0219ti, \u00eensum\u00e2nd un num\u0103r total de 10319 persoane \u00eenscrise pe lista medicilor de familie. Activitatea institu\u021biei, \u00een perioada de referin\u021b\u0103, a avut ca obiective principale:\u2013 organizarea accesibilit\u0103\u021bii popula\u021biei la servicii de asisten\u021b\u0103 [&hellip;]<\/p>\n","protected":false},"author":1,"featured_media":0,"parent":0,"menu_order":0,"comment_status":"closed","ping_status":"closed","template":"","meta":{"footnotes":""},"class_list":["post-43","page","type-page","status-publish","hentry"],"_links":{"self":[{"href":"https:\/\/cstanatari.md\/index.php?rest_route=\/wp\/v2\/pages\/43","targetHints":{"allow":["GET"]}}],"collection":[{"href":"https:\/\/cstanatari.md\/index.php?rest_route=\/wp\/v2\/pages"}],"about":[{"href":"https:\/\/cstanatari.md\/index.php?rest_route=\/wp\/v2\/types\/page"}],"author":[{"embeddable":true,"href":"https:\/\/cstanatari.md\/index.php?rest_route=\/wp\/v2\/users\/1"}],"replies":[{"embeddable":true,"href":"https:\/\/cstanatari.md\/index.php?rest_route=%2Fwp%2Fv2%2Fcomments&post=43"}],"version-history":[{"count":3,"href":"https:\/\/cstanatari.md\/index.php?rest_route=\/wp\/v2\/pages\/43\/revisions"}],"predecessor-version":[{"id":104,"href":"https:\/\/cstanatari.md\/index.php?rest_route=\/wp\/v2\/pages\/43\/revisions\/104"}],"wp:attachment":[{"href":"https:\/\/cstanatari.md\/index.php?rest_route=%2Fwp%2Fv2%2Fmedia&parent=43"}],"curies":[{"name":"wp","href":"https:\/\/api.w.org\/{rel}","templated":true}]}}