{"id":2,"date":"2021-04-12T05:48:50","date_gmt":"2021-04-12T05:48:50","guid":{"rendered":"https:\/\/cstanatari.md\/?page_id=2"},"modified":"2025-11-28T01:20:52","modified_gmt":"2025-11-28T01:20:52","slug":"sample-page","status":"publish","type":"page","link":"https:\/\/cstanatari.md\/","title":{"rendered":"Info medical"},"content":{"rendered":"\n<figure class=\"wp-block-image size-full\"><img loading=\"lazy\" decoding=\"async\" width=\"630\" height=\"460\" src=\"https:\/\/cstanatari.md\/wp-content\/uploads\/2025\/11\/familie-1.png\" alt=\"\" class=\"wp-image-113\" srcset=\"https:\/\/cstanatari.md\/wp-content\/uploads\/2025\/11\/familie-1.png 630w, https:\/\/cstanatari.md\/wp-content\/uploads\/2025\/11\/familie-1-300x219.png 300w\" sizes=\"auto, (max-width: 630px) 100vw, 630px\" \/><\/figure>\n\n\n\n<h3 class=\"wp-block-heading\">Centrul de S\u0103n\u0103tate T\u0103n\u0103tari adreseaz\u0103 un apel c\u0103tre to\u021bi locuitorii satelor T\u0103n\u0103tari, Tan\u0103tari-noi, Ursoia, Hagimus, Chirc\u0103e\u0219ti de a se prezenta la Centrul de S\u0103n\u0103tate T\u0103n\u0103tari , OMF Hagimus, OMF Ursoia, OMF Chirc\u0103e\u0219ti pentru a se vaccina cu vaccinul antigripal sezonier.<\/h3>\n\n\n\n<h3 class=\"wp-block-heading\">Vaccinarea antigripal\u0103 este cea mai eficient\u0103 metod\u0103 de prevenire a gripei \u0219i a complica\u021biilor grave pe care aceasta le poate provoca. \u00cen cazul \u00eemboln\u0103virii, persoanele vaccinate suport\u0103 boala mai u\u0219or \u0219i se recupereaz\u0103 mai rapid.<\/h3>\n\n\n\n<h3 class=\"wp-block-heading\">Cet\u0103\u021benii sunt a\u0219tepta\u021bi zilnic, cu excep\u021bia zilei de duminic\u0103, la medicul de familie pentru administrarea vaccinului.<\/h3>\n\n\n\n<h3 class=\"wp-block-heading\">Sunt bineveni\u021bi to\u021bi doritorii, \u00eens\u0103 \u00een mod special \u00eei \u00eencuraj\u0103m pe cei care sufer\u0103 de boli cronice s\u0103 se imunizeze, pentru a-\u0219i proteja s\u0103n\u0103tatea \u0219i a evita riscurile complica\u021biilor.<\/h3>\n\n\n\n<h3 class=\"wp-block-heading\">V\u0103 \u00eendemn\u0103m s\u0103 ave\u021bi grij\u0103 de s\u0103n\u0103tatea Dumneavoastr\u0103 \u0219i a celor dragi!<br>Cu respect, Centrul de S\u0103n\u0103tate T\u0103n\u0103tari.<\/h3>\n","protected":false},"excerpt":{"rendered":"<p>Centrul de S\u0103n\u0103tate T\u0103n\u0103tari adreseaz\u0103 un apel c\u0103tre to\u021bi locuitorii satelor T\u0103n\u0103tari, Tan\u0103tari-noi, Ursoia, Hagimus, Chirc\u0103e\u0219ti de a se prezenta la Centrul de S\u0103n\u0103tate T\u0103n\u0103tari , OMF Hagimus, OMF Ursoia, OMF Chirc\u0103e\u0219ti pentru a se vaccina cu vaccinul antigripal sezonier. Vaccinarea antigripal\u0103 este cea mai eficient\u0103 metod\u0103 de prevenire a gripei \u0219i a complica\u021biilor grave [&hellip;]<\/p>\n","protected":false},"author":1,"featured_media":0,"parent":0,"menu_order":0,"comment_status":"closed","ping_status":"closed","template":"","meta":{"footnotes":""},"class_list":["post-2","page","type-page","status-publish","hentry"],"_links":{"self":[{"href":"https:\/\/cstanatari.md\/index.php?rest_route=\/wp\/v2\/pages\/2","targetHints":{"allow":["GET"]}}],"collection":[{"href":"https:\/\/cstanatari.md\/index.php?rest_route=\/wp\/v2\/pages"}],"about":[{"href":"https:\/\/cstanatari.md\/index.php?rest_route=\/wp\/v2\/types\/page"}],"author":[{"embeddable":true,"href":"https:\/\/cstanatari.md\/index.php?rest_route=\/wp\/v2\/users\/1"}],"replies":[{"embeddable":true,"href":"https:\/\/cstanatari.md\/index.php?rest_route=%2Fwp%2Fv2%2Fcomments&post=2"}],"version-history":[{"count":6,"href":"https:\/\/cstanatari.md\/index.php?rest_route=\/wp\/v2\/pages\/2\/revisions"}],"predecessor-version":[{"id":116,"href":"https:\/\/cstanatari.md\/index.php?rest_route=\/wp\/v2\/pages\/2\/revisions\/116"}],"wp:attachment":[{"href":"https:\/\/cstanatari.md\/index.php?rest_route=%2Fwp%2Fv2%2Fmedia&parent=2"}],"curies":[{"name":"wp","href":"https:\/\/api.w.org\/{rel}","templated":true}]}}