{"id":12,"date":"2021-04-12T09:29:27","date_gmt":"2021-04-12T09:29:27","guid":{"rendered":"https:\/\/cstanatari.md\/?page_id=12"},"modified":"2025-10-08T15:53:22","modified_gmt":"2025-10-08T15:53:22","slug":"despre-noi","status":"publish","type":"page","link":"https:\/\/cstanatari.md\/?page_id=12","title":{"rendered":"Despre noi"},"content":{"rendered":"\n<p>IMSP Centrul de s\u0103n\u0103tate T\u0103n\u0103tari este fondat de Consiliul raional C\u0103u\u0219eni. <\/p>\n\n\n\n<p>Echipa medicilor de familie ofer\u0103 asisten\u021b\u0103 medical\u0103 primar\u0103 pentru popula\u021bia satelor:<\/p>\n\n\n\n<ul class=\"wp-block-list has-normal-font-size\">\n<li><strong>T\u0103n\u0103tari<\/strong><\/li>\n\n\n\n<li><strong>T\u0103n\u0103tarii-Noi<\/strong><\/li>\n\n\n\n<li><strong>Ursoaia<\/strong><\/li>\n\n\n\n<li><strong>Chirc\u0103ie\u0219ti<\/strong><\/li>\n\n\n\n<li><strong>Hagimus<\/strong><\/li>\n<\/ul>\n\n\n\n<p>\u0218eful IMSP CS T\u0103n\u0103tari:<\/p>\n\n\n\n<p>Medic Zdorove\u021bki Andrean<\/p>\n","protected":false},"excerpt":{"rendered":"<p>IMSP Centrul de s\u0103n\u0103tate T\u0103n\u0103tari este fondat de Consiliul raional C\u0103u\u0219eni. Echipa medicilor de familie ofer\u0103 asisten\u021b\u0103 medical\u0103 primar\u0103 pentru popula\u021bia satelor: \u0218eful IMSP CS T\u0103n\u0103tari: Medic Zdorove\u021bki Andrean<\/p>\n","protected":false},"author":1,"featured_media":0,"parent":0,"menu_order":0,"comment_status":"closed","ping_status":"closed","template":"","meta":{"footnotes":""},"class_list":["post-12","page","type-page","status-publish","hentry"],"_links":{"self":[{"href":"https:\/\/cstanatari.md\/index.php?rest_route=\/wp\/v2\/pages\/12","targetHints":{"allow":["GET"]}}],"collection":[{"href":"https:\/\/cstanatari.md\/index.php?rest_route=\/wp\/v2\/pages"}],"about":[{"href":"https:\/\/cstanatari.md\/index.php?rest_route=\/wp\/v2\/types\/page"}],"author":[{"embeddable":true,"href":"https:\/\/cstanatari.md\/index.php?rest_route=\/wp\/v2\/users\/1"}],"replies":[{"embeddable":true,"href":"https:\/\/cstanatari.md\/index.php?rest_route=%2Fwp%2Fv2%2Fcomments&post=12"}],"version-history":[{"count":3,"href":"https:\/\/cstanatari.md\/index.php?rest_route=\/wp\/v2\/pages\/12\/revisions"}],"predecessor-version":[{"id":34,"href":"https:\/\/cstanatari.md\/index.php?rest_route=\/wp\/v2\/pages\/12\/revisions\/34"}],"wp:attachment":[{"href":"https:\/\/cstanatari.md\/index.php?rest_route=%2Fwp%2Fv2%2Fmedia&parent=12"}],"curies":[{"name":"wp","href":"https:\/\/api.w.org\/{rel}","templated":true}]}}